{"id":1144,"date":"2021-11-08T14:36:22","date_gmt":"2021-11-08T14:36:22","guid":{"rendered":"https:\/\/bio-teach.com\/kitsprp\/?page_id=1144"},"modified":"2023-01-11T00:48:00","modified_gmt":"2023-01-11T00:48:00","slug":"contacto","status":"publish","type":"page","link":"https:\/\/bio-teach.com\/kitsprp\/contacto\/","title":{"rendered":"contacto"},"content":{"rendered":"\t\t<div data-elementor-type=\"wp-page\" data-elementor-id=\"1144\" class=\"elementor elementor-1144\">\n\t\t\t\t\t\t\t\t\t<section class=\"elementor-section elementor-top-section elementor-element elementor-element-79b062fb elementor-section-boxed elementor-section-height-default elementor-section-height-default\" data-id=\"79b062fb\" data-element_type=\"section\" id=\"contacto\" data-settings=\"{&quot;background_background&quot;:&quot;classic&quot;}\">\n\t\t\t\t\t\t\t<div class=\"elementor-background-overlay\"><\/div>\n\t\t\t\t\t\t\t<div class=\"elementor-container elementor-column-gap-default\">\n\t\t\t\t\t<div class=\"elementor-column elementor-col-50 elementor-top-column elementor-element elementor-element-36f12867\" data-id=\"36f12867\" data-element_type=\"column\">\n\t\t\t<div class=\"elementor-widget-wrap elementor-element-populated\">\n\t\t\t\t\t\t\t\t<div class=\"elementor-element elementor-element-385e4263 elementor-widget elementor-widget-heading\" data-id=\"385e4263\" data-element_type=\"widget\" data-widget_type=\"heading.default\">\n\t\t\t\t<div class=\"elementor-widget-container\">\n\t\t\t<h2 class=\"elementor-heading-title elementor-size-default\">Contacto<\/h2>\t\t<\/div>\n\t\t\t\t<\/div>\n\t\t\t\t<div class=\"elementor-element elementor-element-6c757152 elementor-widget elementor-widget-text-editor\" data-id=\"6c757152\" data-element_type=\"widget\" data-widget_type=\"text-editor.default\">\n\t\t\t\t<div class=\"elementor-widget-container\">\n\t\t\t\t\t\t\t<p>Contacte con nosotros para poder conocer&nbsp; los diferentes <b>Kits de Plasma Rico en Plaquetas<\/b> que ofrecemos a un precio inigualable.&nbsp;<\/p>\n<p>Somos una empresa espa\u00f1ola seria dedicada a la venta de PRP y&nbsp; material m\u00e9dico para Medicina Regenerativa.<\/p>\t\t\t\t\t\t<\/div>\n\t\t\t\t<\/div>\n\t\t\t\t<div class=\"elementor-element elementor-element-6e83154 elementor-button-align-start elementor-widget elementor-widget-form\" data-id=\"6e83154\" data-element_type=\"widget\" data-settings=\"{&quot;step_next_label&quot;:&quot;Next&quot;,&quot;step_previous_label&quot;:&quot;Previous&quot;,&quot;button_width&quot;:&quot;100&quot;,&quot;step_type&quot;:&quot;number_text&quot;,&quot;step_icon_shape&quot;:&quot;circle&quot;}\" data-widget_type=\"form.default\">\n\t\t\t\t<div class=\"elementor-widget-container\">\n\t\t\t\t\t<form class=\"elementor-form\" method=\"post\" name=\"New Form\">\n\t\t\t<input type=\"hidden\" name=\"post_id\" value=\"1144\"\/>\n\t\t\t<input type=\"hidden\" name=\"form_id\" value=\"6e83154\"\/>\n\t\t\t<input type=\"hidden\" name=\"referer_title\" value=\"KITS PRP\" \/>\n\n\t\t\t\n\t\t\t<div class=\"elementor-form-fields-wrapper elementor-labels-above\">\n\t\t\t\t\t\t\t\t<div class=\"elementor-field-type-text elementor-field-group elementor-column elementor-field-group-name elementor-col-100 elementor-field-required\">\n\t\t\t\t\t<label for=\"form-field-name\" class=\"elementor-field-label\">Nombre *<\/label><input size=\"1\" type=\"text\" name=\"form_fields[name]\" id=\"form-field-name\" class=\"elementor-field elementor-size-sm  elementor-field-textual\" placeholder=\"Nombre\" required=\"required\" aria-required=\"true\">\t\t\t\t<\/div>\n\t\t\t\t\t\t\t\t<div class=\"elementor-field-type-email elementor-field-group elementor-column elementor-field-group-email elementor-col-50 elementor-field-required\">\n\t\t\t\t\t<label for=\"form-field-email\" class=\"elementor-field-label\">Email *<\/label><input size=\"1\" type=\"email\" name=\"form_fields[email]\" id=\"form-field-email\" class=\"elementor-field elementor-size-sm  elementor-field-textual\" placeholder=\"Email\" required=\"required\" aria-required=\"true\">\t\t\t\t<\/div>\n\t\t\t\t\t\t\t\t<div class=\"elementor-field-type-text elementor-field-group elementor-column elementor-field-group-field_e43dff0 elementor-col-50\">\n\t\t\t\t\t<label for=\"form-field-field_e43dff0\" class=\"elementor-field-label\">Tel\u00e9fono<\/label><input size=\"1\" type=\"text\" name=\"form_fields[field_e43dff0]\" id=\"form-field-field_e43dff0\" class=\"elementor-field elementor-size-sm  elementor-field-textual\" placeholder=\"Tel\u00e9fono\">\t\t\t\t<\/div>\n\t\t\t\t\t\t\t\t<div class=\"elementor-field-type-textarea elementor-field-group elementor-column elementor-field-group-message elementor-col-100 elementor-field-required\">\n\t\t\t\t\t<label for=\"form-field-message\" class=\"elementor-field-label\">Mensaje *<\/label><textarea class=\"elementor-field-textual elementor-field  elementor-size-sm\" name=\"form_fields[message]\" id=\"form-field-message\" rows=\"4\" placeholder=\"Mensaje\" required=\"required\" aria-required=\"true\"><\/textarea>\t\t\t\t<\/div>\n\t\t\t\t\t\t\t\t<div class=\"elementor-field-type-recaptcha elementor-field-group elementor-column elementor-field-group-field_c6b8030 elementor-col-100\">\n\t\t\t\t\t<div class=\"elementor-field\" id=\"form-field-field_c6b8030\"><div class=\"elementor-g-recaptcha\" data-sitekey=\"6LfHrS0gAAAAAI5PUHQDrciJy0B8GQqs5Uiuo9DC\" data-type=\"v2_checkbox\" data-theme=\"light\" data-size=\"normal\"><\/div><\/div>\t\t\t\t<\/div>\n\t\t\t\t\t\t\t\t<div class=\"elementor-field-group elementor-column elementor-field-type-submit elementor-col-100 e-form__buttons\">\n\t\t\t\t\t<button type=\"submit\" class=\"elementor-button elementor-size-sm\">\n\t\t\t\t\t\t<span >\n\t\t\t\t\t\t\t\t\t\t\t\t\t\t\t<span class=\" elementor-button-icon\">\n\t\t\t\t\t\t\t\t\t\t\t\t\t\t\t\t\t\t\t\t\t\t\t\t\t\t<\/span>\n\t\t\t\t\t\t\t\t\t\t\t\t\t\t\t\t\t\t\t\t\t\t<span class=\"elementor-button-text\">Enviar<\/span>\n\t\t\t\t\t\t\t\t\t\t\t\t\t<\/span>\n\t\t\t\t\t<\/button>\n\t\t\t\t<\/div>\n\t\t\t<\/div>\n\t\t<\/form>\n\t\t\t\t<\/div>\n\t\t\t\t<\/div>\n\t\t\t\t\t<\/div>\n\t\t<\/div>\n\t\t\t\t<div class=\"elementor-column elementor-col-50 elementor-top-column elementor-element elementor-element-24d18f70\" data-id=\"24d18f70\" data-element_type=\"column\">\n\t\t\t<div class=\"elementor-widget-wrap elementor-element-populated\">\n\t\t\t\t\t\t\t\t<div class=\"elementor-element elementor-element-4d547db6 elementor-widget elementor-widget-spacer\" data-id=\"4d547db6\" data-element_type=\"widget\" data-widget_type=\"spacer.default\">\n\t\t\t\t<div class=\"elementor-widget-container\">\n\t\t\t\t\t<div class=\"elementor-spacer\">\n\t\t\t<div class=\"elementor-spacer-inner\"><\/div>\n\t\t<\/div>\n\t\t\t\t<\/div>\n\t\t\t\t<\/div>\n\t\t\t\t<div class=\"elementor-element elementor-element-4d3d3dc8 elementor-widget elementor-widget-image\" data-id=\"4d3d3dc8\" data-element_type=\"widget\" data-widget_type=\"image.default\">\n\t\t\t\t<div class=\"elementor-widget-container\">\n\t\t\t\t\t\t\t\t\t\t\t\t\t\t\t\t<a href=\"https:\/\/www.google.com\/maps?ll=39.471296,-0.374123&#038;z=18&#038;t=m&#038;hl=en-US&#038;gl=US&#038;mapclient=embed&#038;cid=2160362423331112704\" target=\"_blank\">\n\t\t\t\t\t\t\t<img decoding=\"async\" width=\"454\" height=\"313\" src=\"https:\/\/ml2wibi8up3f.i.optimole.com\/uueflVA-fvt3niJ1\/w:auto\/h:auto\/q:auto\/https:\/\/bio-teach.com\/kitsprp\/wp-content\/uploads\/2021\/05\/mapa-joe.jpg\" class=\"attachment-large size-large\" alt=\"\" \/>\t\t\t\t\t\t\t\t<\/a>\n\t\t\t\t\t\t\t\t\t\t\t\t\t\t\t<\/div>\n\t\t\t\t<\/div>\n\t\t\t\t<div class=\"elementor-element elementor-element-442140c7 elementor-view-stacked elementor-shape-square elementor-position-left elementor-mobile-position-top elementor-vertical-align-top elementor-widget elementor-widget-icon-box\" data-id=\"442140c7\" data-element_type=\"widget\" data-widget_type=\"icon-box.default\">\n\t\t\t\t<div class=\"elementor-widget-container\">\n\t\t\t\t\t<div class=\"elementor-icon-box-wrapper\">\n\t\t\t\t\t\t<div class=\"elementor-icon-box-icon\">\n\t\t\t\t<span class=\"elementor-icon elementor-animation-\" >\n\t\t\t\t<i aria-hidden=\"true\" class=\"fas fa-map-marker-alt\"><\/i>\t\t\t\t<\/span>\n\t\t\t<\/div>\n\t\t\t\t\t\t<div class=\"elementor-icon-box-content\">\n\t\t\t\t<h4 class=\"elementor-icon-box-title\">\n\t\t\t\t\t<span  >\n\t\t\t\t\t\tC\/ POETA QUEROL 11 Primer Piso 46002 Valencia Espa\u00f1a\t\t\t\t\t<\/span>\n\t\t\t\t<\/h4>\n\t\t\t\t\t\t\t<\/div>\n\t\t<\/div>\n\t\t\t\t<\/div>\n\t\t\t\t<\/div>\n\t\t\t\t<div class=\"elementor-element elementor-element-62b8cd8b elementor-view-stacked elementor-shape-square elementor-position-left elementor-mobile-position-top elementor-vertical-align-top elementor-widget elementor-widget-icon-box\" data-id=\"62b8cd8b\" data-element_type=\"widget\" data-widget_type=\"icon-box.default\">\n\t\t\t\t<div class=\"elementor-widget-container\">\n\t\t\t\t\t<div class=\"elementor-icon-box-wrapper\">\n\t\t\t\t\t\t<div class=\"elementor-icon-box-icon\">\n\t\t\t\t<span class=\"elementor-icon elementor-animation-\" >\n\t\t\t\t<i aria-hidden=\"true\" class=\"fas fa-map-marker-alt\"><\/i>\t\t\t\t<\/span>\n\t\t\t<\/div>\n\t\t\t\t\t\t<div class=\"elementor-icon-box-content\">\n\t\t\t\t<h4 class=\"elementor-icon-box-title\">\n\t\t\t\t\t<span  >\n\t\t\t\t\t\tAvinguda de les Corts Valencianes, 39, 46015 Val\u00e8ncia, Valencia\t\t\t\t\t<\/span>\n\t\t\t\t<\/h4>\n\t\t\t\t\t\t\t<\/div>\n\t\t<\/div>\n\t\t\t\t<\/div>\n\t\t\t\t<\/div>\n\t\t\t\t<div class=\"elementor-element elementor-element-1522988a elementor-view-stacked elementor-shape-square elementor-position-left elementor-mobile-position-top elementor-vertical-align-top elementor-widget elementor-widget-icon-box\" data-id=\"1522988a\" data-element_type=\"widget\" data-widget_type=\"icon-box.default\">\n\t\t\t\t<div class=\"elementor-widget-container\">\n\t\t\t\t\t<div class=\"elementor-icon-box-wrapper\">\n\t\t\t\t\t\t<div class=\"elementor-icon-box-icon\">\n\t\t\t\t<a class=\"elementor-icon elementor-animation-\" href=\"mailto:info@bio-teach.com\">\n\t\t\t\t<i aria-hidden=\"true\" class=\"fas fa-envelope\"><\/i>\t\t\t\t<\/a>\n\t\t\t<\/div>\n\t\t\t\t\t\t<div class=\"elementor-icon-box-content\">\n\t\t\t\t<h4 class=\"elementor-icon-box-title\">\n\t\t\t\t\t<a href=\"mailto:info@bio-teach.com\" >\n\t\t\t\t\t\tjramirez@bio-teach.com\t\t\t\t\t<\/a>\n\t\t\t\t<\/h4>\n\t\t\t\t\t\t\t<\/div>\n\t\t<\/div>\n\t\t\t\t<\/div>\n\t\t\t\t<\/div>\n\t\t\t\t<div class=\"elementor-element elementor-element-4d1e4696 elementor-view-stacked elementor-shape-square elementor-position-left elementor-mobile-position-top elementor-vertical-align-top elementor-widget elementor-widget-icon-box\" data-id=\"4d1e4696\" data-element_type=\"widget\" data-widget_type=\"icon-box.default\">\n\t\t\t\t<div class=\"elementor-widget-container\">\n\t\t\t\t\t<div class=\"elementor-icon-box-wrapper\">\n\t\t\t\t\t\t<div class=\"elementor-icon-box-icon\">\n\t\t\t\t<span class=\"elementor-icon elementor-animation-\" >\n\t\t\t\t<i aria-hidden=\"true\" class=\"fas fa-phone\"><\/i>\t\t\t\t<\/span>\n\t\t\t<\/div>\n\t\t\t\t\t\t<div class=\"elementor-icon-box-content\">\n\t\t\t\t<h4 class=\"elementor-icon-box-title\">\n\t\t\t\t\t<span  >\n\t\t\t\t\t\t+34 963 073 030\t\t\t\t\t<\/span>\n\t\t\t\t<\/h4>\n\t\t\t\t\t\t\t<\/div>\n\t\t<\/div>\n\t\t\t\t<\/div>\n\t\t\t\t<\/div>\n\t\t\t\t\t<\/div>\n\t\t<\/div>\n\t\t\t\t\t\t\t<\/div>\n\t\t<\/section>\n\t\t\t\t\t\t\t<\/div>\n\t\t","protected":false},"excerpt":{"rendered":"<p>Contacto Contacte con nosotros para poder conocer&nbsp; los diferentes Kits de Plasma Rico en Plaquetas que ofrecemos a un precio inigualable.&nbsp; Somos una empresa espa\u00f1ola seria dedicada a la venta de PRP y&nbsp; material m\u00e9dico para Medicina Regenerativa. C\/ POETA QUEROL 11 Primer Piso 46002 Valencia Espa\u00f1a Avinguda de les Corts Valencianes, 39, 46015 Val\u00e8ncia,&hellip;&nbsp;<\/p>\n<div class=\"read-more-wrapper\"><a href=\"https:\/\/bio-teach.com\/kitsprp\/contacto\/\" class=\"button button-primary\" rel=\"bookmark\">Leer m\u00e1s &raquo;<span class=\"screen-reader-text\">contacto<\/span><\/a><\/div>\n","protected":false},"author":1,"featured_media":0,"parent":0,"menu_order":0,"comment_status":"closed","ping_status":"closed","template":"page-templates\/template-pagebuilder-full-width.php","meta":{"neve_meta_sidebar":"full-width","neve_meta_container":"","neve_meta_enable_content_width":"on","neve_meta_content_width":100,"neve_meta_title_alignment":"","neve_meta_author_avatar":"","neve_post_elements_order":"","neve_meta_disable_header":"","neve_meta_disable_footer":"","neve_meta_disable_title":"","neve_meta_reading_time":"","_ti_tpc_template_sync":false,"_ti_tpc_template_id":"","footnotes":""},"class_list":["post-1144","page","type-page","status-publish","hentry"],"yoast_head":"<!-- This site is optimized with the Yoast SEO plugin v27.4 - https:\/\/yoast.com\/product\/yoast-seo-wordpress\/ -->\n<title>contacto - KITS PRP<\/title>\n<meta name=\"robots\" content=\"index, follow, max-snippet:-1, max-image-preview:large, max-video-preview:-1\" \/>\n<link rel=\"canonical\" href=\"https:\/\/bio-teach.com\/kitsprp\/contacto\/\" \/>\n<meta property=\"og:locale\" content=\"es_ES\" \/>\n<meta property=\"og:type\" content=\"article\" \/>\n<meta property=\"og:title\" content=\"contacto - KITS PRP\" \/>\n<meta property=\"og:description\" content=\"Contacto Contacte con nosotros para poder conocer&nbsp; los diferentes Kits de Plasma Rico en Plaquetas que ofrecemos a un precio inigualable.&nbsp; Somos una empresa espa\u00f1ola seria dedicada a la venta de PRP y&nbsp; material m\u00e9dico para Medicina Regenerativa. C\/ POETA QUEROL 11 Primer Piso 46002 Valencia Espa\u00f1a Avinguda de les Corts Valencianes, 39, 46015 Val\u00e8ncia,&hellip;&nbsp;Leer m\u00e1s &raquo;contacto\" \/>\n<meta property=\"og:url\" content=\"https:\/\/bio-teach.com\/kitsprp\/contacto\/\" \/>\n<meta property=\"og:site_name\" content=\"KITS PRP\" \/>\n<meta property=\"article:modified_time\" content=\"2023-01-11T00:48:00+00:00\" \/>\n<meta property=\"og:image\" content=\"https:\/\/ml2wibi8up3f.i.optimole.com\/uueflVA-fvt3niJ1\/w:auto\/h:auto\/q:auto\/https:\/\/bio-teach.com\/kitsprp\/wp-content\/uploads\/2021\/05\/mapa-joe.jpg\" \/>\n<meta name=\"twitter:card\" content=\"summary_large_image\" \/>\n<meta name=\"twitter:label1\" content=\"Tiempo de lectura\" \/>\n\t<meta name=\"twitter:data1\" content=\"1 minuto\" \/>\n<script type=\"application\/ld+json\" class=\"yoast-schema-graph\">{\"@context\":\"https:\\\/\\\/schema.org\",\"@graph\":[{\"@type\":\"WebPage\",\"@id\":\"https:\\\/\\\/bio-teach.com\\\/kitsprp\\\/contacto\\\/\",\"url\":\"https:\\\/\\\/bio-teach.com\\\/kitsprp\\\/contacto\\\/\",\"name\":\"contacto - KITS PRP\",\"isPartOf\":{\"@id\":\"https:\\\/\\\/bio-teach.com\\\/kitsprp\\\/#website\"},\"primaryImageOfPage\":{\"@id\":\"https:\\\/\\\/bio-teach.com\\\/kitsprp\\\/contacto\\\/#primaryimage\"},\"image\":{\"@id\":\"https:\\\/\\\/bio-teach.com\\\/kitsprp\\\/contacto\\\/#primaryimage\"},\"thumbnailUrl\":\"https:\\/\\/bio-teach.com\\/kitsprp\\/wp-content\\/uploads\\/2021\\/05\\/mapa-joe.jpg\",\"datePublished\":\"2021-11-08T14:36:22+00:00\",\"dateModified\":\"2023-01-11T00:48:00+00:00\",\"breadcrumb\":{\"@id\":\"https:\\\/\\\/bio-teach.com\\\/kitsprp\\\/contacto\\\/#breadcrumb\"},\"inLanguage\":\"es\",\"potentialAction\":[{\"@type\":\"ReadAction\",\"target\":[\"https:\\\/\\\/bio-teach.com\\\/kitsprp\\\/contacto\\\/\"]}]},{\"@type\":\"ImageObject\",\"inLanguage\":\"es\",\"@id\":\"https:\\\/\\\/bio-teach.com\\\/kitsprp\\\/contacto\\\/#primaryimage\",\"url\":\"https:\\/\\/bio-teach.com\\/kitsprp\\/wp-content\\/uploads\\/2021\\/05\\/mapa-joe.jpg\",\"contentUrl\":\"https:\\/\\/bio-teach.com\\/kitsprp\\/wp-content\\/uploads\\/2021\\/05\\/mapa-joe.jpg\",\"width\":454,\"height\":313},{\"@type\":\"BreadcrumbList\",\"@id\":\"https:\\\/\\\/bio-teach.com\\\/kitsprp\\\/contacto\\\/#breadcrumb\",\"itemListElement\":[{\"@type\":\"ListItem\",\"position\":1,\"name\":\"Portada\",\"item\":\"https:\\\/\\\/bio-teach.com\\\/kitsprp\\\/\"},{\"@type\":\"ListItem\",\"position\":2,\"name\":\"contacto\"}]},{\"@type\":\"WebSite\",\"@id\":\"https:\\\/\\\/bio-teach.com\\\/kitsprp\\\/#website\",\"url\":\"https:\\\/\\\/bio-teach.com\\\/kitsprp\\\/\",\"name\":\"KITS PRP\",\"description\":\"KITS PRP\",\"publisher\":{\"@id\":\"https:\\\/\\\/bio-teach.com\\\/kitsprp\\\/#organization\"},\"potentialAction\":[{\"@type\":\"SearchAction\",\"target\":{\"@type\":\"EntryPoint\",\"urlTemplate\":\"https:\\\/\\\/bio-teach.com\\\/kitsprp\\\/?s={search_term_string}\"},\"query-input\":{\"@type\":\"PropertyValueSpecification\",\"valueRequired\":true,\"valueName\":\"search_term_string\"}}],\"inLanguage\":\"es\"},{\"@type\":\"Organization\",\"@id\":\"https:\\\/\\\/bio-teach.com\\\/kitsprp\\\/#organization\",\"name\":\"KITS PRP\",\"url\":\"https:\\\/\\\/bio-teach.com\\\/kitsprp\\\/\",\"logo\":{\"@type\":\"ImageObject\",\"inLanguage\":\"es\",\"@id\":\"https:\\\/\\\/bio-teach.com\\\/kitsprp\\\/#\\\/schema\\\/logo\\\/image\\\/\",\"url\":\"https:\\/\\/bio-teach.com\\/kitsprp\\/wp-content\\/uploads\\/2021\\/11\\/cropped-logo-bioteach-min.png\",\"contentUrl\":\"https:\\/\\/bio-teach.com\\/kitsprp\\/wp-content\\/uploads\\/2021\\/11\\/cropped-logo-bioteach-min.png\",\"width\":600,\"height\":250,\"caption\":\"KITS PRP\"},\"image\":{\"@id\":\"https:\\\/\\\/bio-teach.com\\\/kitsprp\\\/#\\\/schema\\\/logo\\\/image\\\/\"}}]}<\/script>\n<!-- \/ Yoast SEO plugin. -->","yoast_head_json":{"title":"contacto - KITS PRP","robots":{"index":"index","follow":"follow","max-snippet":"max-snippet:-1","max-image-preview":"max-image-preview:large","max-video-preview":"max-video-preview:-1"},"canonical":"https:\/\/bio-teach.com\/kitsprp\/contacto\/","og_locale":"es_ES","og_type":"article","og_title":"contacto - KITS PRP","og_description":"Contacto Contacte con nosotros para poder conocer&nbsp; los diferentes Kits de Plasma Rico en Plaquetas que ofrecemos a un precio inigualable.&nbsp; Somos una empresa espa\u00f1ola seria dedicada a la venta de PRP y&nbsp; material m\u00e9dico para Medicina Regenerativa. C\/ POETA QUEROL 11 Primer Piso 46002 Valencia Espa\u00f1a Avinguda de les Corts Valencianes, 39, 46015 Val\u00e8ncia,&hellip;&nbsp;Leer m\u00e1s &raquo;contacto","og_url":"https:\/\/bio-teach.com\/kitsprp\/contacto\/","og_site_name":"KITS PRP","article_modified_time":"2023-01-11T00:48:00+00:00","og_image":[{"url":"https:\/\/ml2wibi8up3f.i.optimole.com\/uueflVA-fvt3niJ1\/w:auto\/h:auto\/q:auto\/https:\/\/bio-teach.com\/kitsprp\/wp-content\/uploads\/2021\/05\/mapa-joe.jpg","type":"","width":"","height":""}],"twitter_card":"summary_large_image","twitter_misc":{"Tiempo de lectura":"1 minuto"},"schema":{"@context":"https:\/\/schema.org","@graph":[{"@type":"WebPage","@id":"https:\/\/bio-teach.com\/kitsprp\/contacto\/","url":"https:\/\/bio-teach.com\/kitsprp\/contacto\/","name":"contacto - KITS PRP","isPartOf":{"@id":"https:\/\/bio-teach.com\/kitsprp\/#website"},"primaryImageOfPage":{"@id":"https:\/\/bio-teach.com\/kitsprp\/contacto\/#primaryimage"},"image":{"@id":"https:\/\/bio-teach.com\/kitsprp\/contacto\/#primaryimage"},"thumbnailUrl":"https:\/\/ml2wibi8up3f.i.optimole.com\/uueflVA-fvt3niJ1\/w:auto\/h:auto\/q:auto\/https:\/\/bio-teach.com\/kitsprp\/wp-content\/uploads\/2021\/05\/mapa-joe.jpg","datePublished":"2021-11-08T14:36:22+00:00","dateModified":"2023-01-11T00:48:00+00:00","breadcrumb":{"@id":"https:\/\/bio-teach.com\/kitsprp\/contacto\/#breadcrumb"},"inLanguage":"es","potentialAction":[{"@type":"ReadAction","target":["https:\/\/bio-teach.com\/kitsprp\/contacto\/"]}]},{"@type":"ImageObject","inLanguage":"es","@id":"https:\/\/bio-teach.com\/kitsprp\/contacto\/#primaryimage","url":"https:\/\/ml2wibi8up3f.i.optimole.com\/uueflVA-fvt3niJ1\/w:auto\/h:auto\/q:auto\/https:\/\/bio-teach.com\/kitsprp\/wp-content\/uploads\/2021\/05\/mapa-joe.jpg","contentUrl":"https:\/\/ml2wibi8up3f.i.optimole.com\/uueflVA-fvt3niJ1\/w:auto\/h:auto\/q:auto\/https:\/\/bio-teach.com\/kitsprp\/wp-content\/uploads\/2021\/05\/mapa-joe.jpg","width":454,"height":313},{"@type":"BreadcrumbList","@id":"https:\/\/bio-teach.com\/kitsprp\/contacto\/#breadcrumb","itemListElement":[{"@type":"ListItem","position":1,"name":"Portada","item":"https:\/\/bio-teach.com\/kitsprp\/"},{"@type":"ListItem","position":2,"name":"contacto"}]},{"@type":"WebSite","@id":"https:\/\/bio-teach.com\/kitsprp\/#website","url":"https:\/\/bio-teach.com\/kitsprp\/","name":"KITS PRP","description":"KITS PRP","publisher":{"@id":"https:\/\/bio-teach.com\/kitsprp\/#organization"},"potentialAction":[{"@type":"SearchAction","target":{"@type":"EntryPoint","urlTemplate":"https:\/\/bio-teach.com\/kitsprp\/?s={search_term_string}"},"query-input":{"@type":"PropertyValueSpecification","valueRequired":true,"valueName":"search_term_string"}}],"inLanguage":"es"},{"@type":"Organization","@id":"https:\/\/bio-teach.com\/kitsprp\/#organization","name":"KITS PRP","url":"https:\/\/bio-teach.com\/kitsprp\/","logo":{"@type":"ImageObject","inLanguage":"es","@id":"https:\/\/bio-teach.com\/kitsprp\/#\/schema\/logo\/image\/","url":"https:\/\/ml2wibi8up3f.i.optimole.com\/uueflVA-JMGWjaRd\/w:auto\/h:auto\/q:auto\/https:\/\/bio-teach.com\/kitsprp\/wp-content\/uploads\/2021\/11\/cropped-logo-bioteach-min.png","contentUrl":"https:\/\/ml2wibi8up3f.i.optimole.com\/uueflVA-JMGWjaRd\/w:auto\/h:auto\/q:auto\/https:\/\/bio-teach.com\/kitsprp\/wp-content\/uploads\/2021\/11\/cropped-logo-bioteach-min.png","width":600,"height":250,"caption":"KITS PRP"},"image":{"@id":"https:\/\/bio-teach.com\/kitsprp\/#\/schema\/logo\/image\/"}}]}},"_links":{"self":[{"href":"https:\/\/bio-teach.com\/kitsprp\/wp-json\/wp\/v2\/pages\/1144","targetHints":{"allow":["GET"]}}],"collection":[{"href":"https:\/\/bio-teach.com\/kitsprp\/wp-json\/wp\/v2\/pages"}],"about":[{"href":"https:\/\/bio-teach.com\/kitsprp\/wp-json\/wp\/v2\/types\/page"}],"author":[{"embeddable":true,"href":"https:\/\/bio-teach.com\/kitsprp\/wp-json\/wp\/v2\/users\/1"}],"replies":[{"embeddable":true,"href":"https:\/\/bio-teach.com\/kitsprp\/wp-json\/wp\/v2\/comments?post=1144"}],"version-history":[{"count":16,"href":"https:\/\/bio-teach.com\/kitsprp\/wp-json\/wp\/v2\/pages\/1144\/revisions"}],"predecessor-version":[{"id":2521,"href":"https:\/\/bio-teach.com\/kitsprp\/wp-json\/wp\/v2\/pages\/1144\/revisions\/2521"}],"wp:attachment":[{"href":"https:\/\/bio-teach.com\/kitsprp\/wp-json\/wp\/v2\/media?parent=1144"}],"curies":[{"name":"wp","href":"https:\/\/api.w.org\/{rel}","templated":true}]}}